{"id":131,"date":"2021-11-21T17:15:00","date_gmt":"2021-11-21T16:15:00","guid":{"rendered":"https:\/\/blog.ccc.eu\/hu\/?page_id=131"},"modified":"2026-03-17T10:09:41","modified_gmt":"2026-03-17T09:09:41","slug":"home","status":"publish","type":"page","link":"https:\/\/blog.ccc.eu\/hu\/","title":{"rendered":"Home"},"content":{"rendered":"","protected":false},"excerpt":{"rendered":"","protected":false},"author":4,"featured_media":4840,"parent":0,"menu_order":0,"comment_status":"closed","ping_status":"closed","template":"","meta":{"_acf_changed":false,"footnotes":""},"class_list":["post-131","page","type-page","status-publish","has-post-thumbnail","hentry"],"acf":[],"yoast_head":"<!-- This site is optimized with the Yoast SEO plugin v26.9 - https:\/\/yoast.com\/product\/yoast-seo-wordpress\/ -->\n<title>CCC divatblog - a hely tele divat inspir\u00e1ci\u00f3val<\/title>\n<meta name=\"description\" content=\"CCC Fashion Blog &gt; N\u00e9zd meg divattippjeinket \u00e9s inspir\u00e1ci\u00f3inkat, valamint a leg\u00fajabb trendeket minden szezonra 2026\" \/>\n<meta name=\"robots\" content=\"index, follow, max-snippet:-1, max-image-preview:large, max-video-preview:-1\" \/>\n<link rel=\"canonical\" href=\"https:\/\/blog.ccc.eu\/hu\/\" \/>\n<meta property=\"og:locale\" content=\"hu_HU\" \/>\n<meta property=\"og:type\" content=\"article\" \/>\n<meta property=\"og:title\" content=\"CCC divatblog - a hely tele divat inspir\u00e1ci\u00f3val\" \/>\n<meta property=\"og:description\" content=\"CCC Fashion Blog &gt; N\u00e9zd meg divattippjeinket \u00e9s inspir\u00e1ci\u00f3inkat, valamint a leg\u00fajabb trendeket minden szezonra\" \/>\n<meta property=\"og:url\" content=\"https:\/\/blog.ccc.eu\/hu\/\" \/>\n<meta property=\"og:site_name\" content=\"CCC Fashion blog\" \/>\n<meta property=\"article:modified_time\" content=\"2026-03-17T09:09:41+00:00\" \/>\n<meta property=\"og:image\" content=\"https:\/\/blog.ccc.eu\/hu\/wp-content\/uploads\/2021\/12\/cccblog-logo.jpg\" \/>\n\t<meta property=\"og:image:width\" content=\"277\" \/>\n\t<meta property=\"og:image:height\" content=\"200\" \/>\n\t<meta property=\"og:image:type\" content=\"image\/jpeg\" \/>\n<meta name=\"twitter:card\" content=\"summary_large_image\" \/>\n<meta name=\"twitter:image\" content=\"https:\/\/blog.ccc.eu\/hu\/wp-content\/uploads\/2021\/12\/cccblog-logo.jpg\" \/>\n<meta name=\"twitter:label1\" content=\"Becs\u00fclt olvas\u00e1si id\u0151\" \/>\n\t<meta name=\"twitter:data1\" content=\"1 perc\" \/>\n<script type=\"application\/ld+json\" class=\"yoast-schema-graph\">{\"@context\":\"https:\/\/schema.org\",\"@graph\":[{\"@type\":\"WebPage\",\"@id\":\"https:\/\/blog.ccc.eu\/hu\/\",\"url\":\"https:\/\/blog.ccc.eu\/hu\/\",\"name\":\"CCC divatblog - a hely tele divat inspir\u00e1ci\u00f3val\",\"isPartOf\":{\"@id\":\"https:\/\/blog.ccc.eu\/hu\/#website\"},\"primaryImageOfPage\":{\"@id\":\"https:\/\/blog.ccc.eu\/hu\/#primaryimage\"},\"image\":{\"@id\":\"https:\/\/blog.ccc.eu\/hu\/#primaryimage\"},\"thumbnailUrl\":\"https:\/\/blog.ccc.eu\/hu\/wp-content\/uploads\/2022\/01\/cropped-favicon-512x512-1.jpg\",\"datePublished\":\"2021-11-21T16:15:00+00:00\",\"dateModified\":\"2026-03-17T09:09:41+00:00\",\"description\":\"CCC Fashion Blog > N\u00e9zd meg divattippjeinket \u00e9s inspir\u00e1ci\u00f3inkat, valamint a leg\u00fajabb trendeket minden szezonra\",\"breadcrumb\":{\"@id\":\"https:\/\/blog.ccc.eu\/hu\/#breadcrumb\"},\"inLanguage\":\"hu\",\"potentialAction\":[{\"@type\":\"ReadAction\",\"target\":[\"https:\/\/blog.ccc.eu\/hu\/\"]}]},{\"@type\":\"ImageObject\",\"inLanguage\":\"hu\",\"@id\":\"https:\/\/blog.ccc.eu\/hu\/#primaryimage\",\"url\":\"https:\/\/blog.ccc.eu\/hu\/wp-content\/uploads\/2022\/01\/cropped-favicon-512x512-1.jpg\",\"contentUrl\":\"https:\/\/blog.ccc.eu\/hu\/wp-content\/uploads\/2022\/01\/cropped-favicon-512x512-1.jpg\",\"width\":512,\"height\":512,\"caption\":\"CCC blog log\u00f3\"},{\"@type\":\"BreadcrumbList\",\"@id\":\"https:\/\/blog.ccc.eu\/hu\/#breadcrumb\",\"itemListElement\":[{\"@type\":\"ListItem\",\"position\":1,\"name\":\"Strona g\u0142\u00f3wna\",\"item\":\"https:\/\/blog.ccc.eu\/hu\/\"},{\"@type\":\"ListItem\",\"position\":2,\"name\":\"Home\"}]},{\"@type\":\"WebSite\",\"@id\":\"https:\/\/blog.ccc.eu\/hu\/#website\",\"url\":\"https:\/\/blog.ccc.eu\/hu\/\",\"name\":\"CCC Fashion blog\",\"description\":\"Az \u00d6n helye tele van divatihletekkel\",\"publisher\":{\"@id\":\"https:\/\/blog.ccc.eu\/hu\/#organization\"},\"potentialAction\":[{\"@type\":\"SearchAction\",\"target\":{\"@type\":\"EntryPoint\",\"urlTemplate\":\"https:\/\/blog.ccc.eu\/hu\/?s={search_term_string}\"},\"query-input\":{\"@type\":\"PropertyValueSpecification\",\"valueRequired\":true,\"valueName\":\"search_term_string\"}}],\"inLanguage\":\"hu\"},{\"@type\":\"Organization\",\"@id\":\"https:\/\/blog.ccc.eu\/hu\/#organization\",\"name\":\"CCC S.A.\",\"url\":\"https:\/\/blog.ccc.eu\/hu\/\",\"logo\":{\"@type\":\"ImageObject\",\"inLanguage\":\"hu\",\"@id\":\"https:\/\/blog.ccc.eu\/hu\/#\/schema\/logo\/image\/\",\"url\":\"https:\/\/blog.ccc.eu\/hu\/wp-content\/uploads\/2021\/11\/logo_ccc.png\",\"contentUrl\":\"https:\/\/blog.ccc.eu\/hu\/wp-content\/uploads\/2021\/11\/logo_ccc.png\",\"width\":730,\"height\":270,\"caption\":\"CCC S.A.\"},\"image\":{\"@id\":\"https:\/\/blog.ccc.eu\/hu\/#\/schema\/logo\/image\/\"}}]}<\/script>\n<!-- \/ Yoast SEO plugin. -->","yoast_head_json":{"title":"CCC divatblog - a hely tele divat inspir\u00e1ci\u00f3val","description":"CCC Fashion Blog > N\u00e9zd meg divattippjeinket \u00e9s inspir\u00e1ci\u00f3inkat, valamint a leg\u00fajabb trendeket minden szezonra 2026","robots":{"index":"index","follow":"follow","max-snippet":"max-snippet:-1","max-image-preview":"max-image-preview:large","max-video-preview":"max-video-preview:-1"},"canonical":"https:\/\/blog.ccc.eu\/hu\/","og_locale":"hu_HU","og_type":"article","og_title":"CCC divatblog - a hely tele divat inspir\u00e1ci\u00f3val","og_description":"CCC Fashion Blog > N\u00e9zd meg divattippjeinket \u00e9s inspir\u00e1ci\u00f3inkat, valamint a leg\u00fajabb trendeket minden szezonra","og_url":"https:\/\/blog.ccc.eu\/hu\/","og_site_name":"CCC Fashion blog","article_modified_time":"2026-03-17T09:09:41+00:00","og_image":[{"width":277,"height":200,"url":"https:\/\/blog.ccc.eu\/hu\/wp-content\/uploads\/2021\/12\/cccblog-logo.jpg","type":"image\/jpeg"}],"twitter_card":"summary_large_image","twitter_image":"https:\/\/blog.ccc.eu\/hu\/wp-content\/uploads\/2021\/12\/cccblog-logo.jpg","twitter_misc":{"Becs\u00fclt olvas\u00e1si id\u0151":"1 perc"},"schema":{"@context":"https:\/\/schema.org","@graph":[{"@type":"WebPage","@id":"https:\/\/blog.ccc.eu\/hu\/","url":"https:\/\/blog.ccc.eu\/hu\/","name":"CCC divatblog - a hely tele divat inspir\u00e1ci\u00f3val","isPartOf":{"@id":"https:\/\/blog.ccc.eu\/hu\/#website"},"primaryImageOfPage":{"@id":"https:\/\/blog.ccc.eu\/hu\/#primaryimage"},"image":{"@id":"https:\/\/blog.ccc.eu\/hu\/#primaryimage"},"thumbnailUrl":"https:\/\/blog.ccc.eu\/hu\/wp-content\/uploads\/2022\/01\/cropped-favicon-512x512-1.jpg","datePublished":"2021-11-21T16:15:00+00:00","dateModified":"2026-03-17T09:09:41+00:00","description":"CCC Fashion Blog > N\u00e9zd meg divattippjeinket \u00e9s inspir\u00e1ci\u00f3inkat, valamint a leg\u00fajabb trendeket minden szezonra","breadcrumb":{"@id":"https:\/\/blog.ccc.eu\/hu\/#breadcrumb"},"inLanguage":"hu","potentialAction":[{"@type":"ReadAction","target":["https:\/\/blog.ccc.eu\/hu\/"]}]},{"@type":"ImageObject","inLanguage":"hu","@id":"https:\/\/blog.ccc.eu\/hu\/#primaryimage","url":"https:\/\/blog.ccc.eu\/hu\/wp-content\/uploads\/2022\/01\/cropped-favicon-512x512-1.jpg","contentUrl":"https:\/\/blog.ccc.eu\/hu\/wp-content\/uploads\/2022\/01\/cropped-favicon-512x512-1.jpg","width":512,"height":512,"caption":"CCC blog log\u00f3"},{"@type":"BreadcrumbList","@id":"https:\/\/blog.ccc.eu\/hu\/#breadcrumb","itemListElement":[{"@type":"ListItem","position":1,"name":"Strona g\u0142\u00f3wna","item":"https:\/\/blog.ccc.eu\/hu\/"},{"@type":"ListItem","position":2,"name":"Home"}]},{"@type":"WebSite","@id":"https:\/\/blog.ccc.eu\/hu\/#website","url":"https:\/\/blog.ccc.eu\/hu\/","name":"CCC Fashion blog","description":"Az \u00d6n helye tele van divatihletekkel","publisher":{"@id":"https:\/\/blog.ccc.eu\/hu\/#organization"},"potentialAction":[{"@type":"SearchAction","target":{"@type":"EntryPoint","urlTemplate":"https:\/\/blog.ccc.eu\/hu\/?s={search_term_string}"},"query-input":{"@type":"PropertyValueSpecification","valueRequired":true,"valueName":"search_term_string"}}],"inLanguage":"hu"},{"@type":"Organization","@id":"https:\/\/blog.ccc.eu\/hu\/#organization","name":"CCC S.A.","url":"https:\/\/blog.ccc.eu\/hu\/","logo":{"@type":"ImageObject","inLanguage":"hu","@id":"https:\/\/blog.ccc.eu\/hu\/#\/schema\/logo\/image\/","url":"https:\/\/blog.ccc.eu\/hu\/wp-content\/uploads\/2021\/11\/logo_ccc.png","contentUrl":"https:\/\/blog.ccc.eu\/hu\/wp-content\/uploads\/2021\/11\/logo_ccc.png","width":730,"height":270,"caption":"CCC S.A."},"image":{"@id":"https:\/\/blog.ccc.eu\/hu\/#\/schema\/logo\/image\/"}}]}},"_links":{"self":[{"href":"https:\/\/blog.ccc.eu\/hu\/wp-json\/wp\/v2\/pages\/131","targetHints":{"allow":["GET"]}}],"collection":[{"href":"https:\/\/blog.ccc.eu\/hu\/wp-json\/wp\/v2\/pages"}],"about":[{"href":"https:\/\/blog.ccc.eu\/hu\/wp-json\/wp\/v2\/types\/page"}],"author":[{"embeddable":true,"href":"https:\/\/blog.ccc.eu\/hu\/wp-json\/wp\/v2\/users\/4"}],"replies":[{"embeddable":true,"href":"https:\/\/blog.ccc.eu\/hu\/wp-json\/wp\/v2\/comments?post=131"}],"version-history":[{"count":613,"href":"https:\/\/blog.ccc.eu\/hu\/wp-json\/wp\/v2\/pages\/131\/revisions"}],"predecessor-version":[{"id":11239,"href":"https:\/\/blog.ccc.eu\/hu\/wp-json\/wp\/v2\/pages\/131\/revisions\/11239"}],"wp:featuredmedia":[{"embeddable":true,"href":"https:\/\/blog.ccc.eu\/hu\/wp-json\/wp\/v2\/media\/4840"}],"wp:attachment":[{"href":"https:\/\/blog.ccc.eu\/hu\/wp-json\/wp\/v2\/media?parent=131"}],"curies":[{"name":"wp","href":"https:\/\/api.w.org\/{rel}","templated":true}]}}