{"id":7809,"date":"2022-05-13T09:13:21","date_gmt":"2022-05-13T07:13:21","guid":{"rendered":"https:\/\/blog.ccc.eu\/pl\/?page_id=7809"},"modified":"2026-02-16T10:25:12","modified_gmt":"2026-02-16T09:25:12","slug":"redakcja","status":"publish","type":"page","link":"https:\/\/blog.ccc.eu\/pl\/redakcja\/","title":{"rendered":"Redakcja"},"content":{"rendered":"\n<div class=\" py-5 py-md-5\">\n    <div class=\"py-3 py-md-5\">\n\n        <div class=\"row\">\n            \n                <div class=\"col-12 col-xl-6 pt-5\">\n\n                    <div class=\"row mx-auto\">\n\n                        <div class=\"col-12 col-md-3\">\n                            <div class=\"ccc-user pt-1\">\n\n                                    <div class=\"ccc-user-item\"><img loading=\"lazy\" decoding=\"async\" src=\"https:\/\/blog.ccc.eu\/pl\/wp-content\/uploads\/2022\/04\/foto_M.jpg\" width=\"244\" height=\"320\" srcset=\"https:\/\/blog.ccc.eu\/pl\/wp-content\/uploads\/2022\/04\/foto_M.jpg 2x\" alt=\"Magdalena W\u0142odarczyk\" class=\"avatar avatar-320 wp-user-avatar wp-user-avatar-320 alignnone photo\" \/><\/div>                            <\/div>\n                        <\/div>\n                        <div class=\"col-12 col-md-9\">\n                            <p class=\"pt-3 pt-md-0 mb-3 mt-sm-0 mb-lg-3 d-inline-block font-weight-bold small author-name-ccc\"><a href=\"https:\/\/blog.ccc.eu\/pl\/author\/magdalena-wlodarczyk\/\">Magdalena W\u0142odarczyk<\/a><\/p>\n                            <div class=\"small\">Ekscytuje mnie to, \u017ce wesz\u0142am w naprawd\u0119 g\u0142\u0119bok\u0105 relacj\u0119 z mod\u0105. Z jednej \r\nstrony posiadam tytu\u0142 Stylistki\/Personal Shoppera, co daje mi moc do \r\nodmieniania Waszych szaf, a z drugiej \u2013 z wypiekami na twarzy tropi\u0119 trendy i pisz\u0119 o nich artyku\u0142y. Do swojej garderoby staram si\u0119 jednak wybiera\u0107 to, co ma szans\u0119 utrzyma\u0107 si\u0119 w modzie jak najd\u0142u\u017cej. Na bie\u017c\u0105co \u015bledz\u0119 tak\u017ce nowinki urodowe, kulturalne i lifestylowe, bo moda zawsze idzie w parze z tym, co dzieje si\u0119 na \u015bwiecie.<\/div>\n                        <\/div>\n                    <\/div>\n\n                <\/div>\n            \n                <div class=\"col-12 col-xl-6 pt-5\">\n\n                    <div class=\"row mx-auto\">\n\n                        <div class=\"col-12 col-md-3\">\n                            <div class=\"ccc-user pt-1\">\n\n                                    <div class=\"ccc-user-item\"><img loading=\"lazy\" decoding=\"async\" src=\"https:\/\/blog.ccc.eu\/pl\/wp-content\/uploads\/2022\/05\/urban-768x767.jpg\" width=\"320\" height=\"320\" srcset=\"https:\/\/blog.ccc.eu\/pl\/wp-content\/uploads\/2022\/05\/urban-768x767.jpg 2x\" alt=\"Marta Urban\" class=\"avatar avatar-320 wp-user-avatar wp-user-avatar-320 alignnone photo\" \/><\/div>                            <\/div>\n                        <\/div>\n                        <div class=\"col-12 col-md-9\">\n                            <p class=\"pt-3 pt-md-0 mb-3 mt-sm-0 mb-lg-3 d-inline-block font-weight-bold small author-name-ccc\"><a href=\"https:\/\/blog.ccc.eu\/pl\/author\/marta-urban\/\">Marta Urban<\/a><\/p>\n                            <div class=\"small\">Jako zodiakalna Waga lubi\u0119 rzeczy pi\u0119kne. To pewnie dlatego moda i dobry design s\u0105 tak wa\u017cn\u0105 cz\u0119\u015bci\u0105 mojego \u017cycia. Swoje stylowe inspiracje staram si\u0119 znajdowa\u0107 wsz\u0119dzie. Z takim samym zaciekawieniem \u015bledz\u0119 zar\u00f3wno najnowsze kolekcje wielkich projektant\u00f3w, jak i obserwuj\u0119 modn\u0105 ulic\u0119 przez okno kawiarni. Jestem zwolenniczk\u0105 \u0142amania wszystkich modowych zasad i fank\u0105 niepohamowanej kreatywno\u015bci. Bo moda powinna by\u0107 dost\u0119pna dla ka\u017cdego i sprawia\u0107 nam przede wszystkim rado\u015b\u0107!<\/div>\n                        <\/div>\n                    <\/div>\n\n                <\/div>\n            \n                <div class=\"col-12 col-xl-6 pt-5\">\n\n                    <div class=\"row mx-auto\">\n\n                        <div class=\"col-12 col-md-3\">\n                            <div class=\"ccc-user pt-1\">\n\n                                    <div class=\"ccc-user-item\"><img loading=\"lazy\" decoding=\"async\" src=\"https:\/\/blog.ccc.eu\/pl\/wp-content\/uploads\/2024\/04\/Katarzyna-Martyn.jpg\" width=\"243\" height=\"320\" srcset=\"https:\/\/blog.ccc.eu\/pl\/wp-content\/uploads\/2024\/04\/Katarzyna-Martyn.jpg 2x\" alt=\"Katarzyna Martyn\" class=\"avatar avatar-320 wp-user-avatar wp-user-avatar-320 alignnone photo\" \/><\/div>                            <\/div>\n                        <\/div>\n                        <div class=\"col-12 col-md-9\">\n                            <p class=\"pt-3 pt-md-0 mb-3 mt-sm-0 mb-lg-3 d-inline-block font-weight-bold small author-name-ccc\"><a href=\"https:\/\/blog.ccc.eu\/pl\/author\/katarzyna-martyn\/\">Katarzyna Martyn<\/a><\/p>\n                            <div class=\"small\">Moda. W tym jednym kr\u00f3tkim s\u0142owie kryje si\u0119 ogromny \u015bwiat pe\u0142en inspiruj\u0105cych projekt\u00f3w, zapieraj\u0105cych dech w piersiach kreacji, luksusowych tkanin i po prostu pi\u0119knych rzeczy. Haute couture od zawsze ma szczeg\u00f3lne miejsce w moim sercu i\u2026 szafie. Jako dziennikarka i certyfikowana stylistka oraz posiadaczka 70 par but\u00f3w,  60 torebek i ca\u0142ej masy dodatk\u00f3w, ka\u017cdego dnia odkrywam nowe, zaskakuj\u0105ce elementy wielkiego \u015bwiata mody, o kt\u00f3rych uwielbiam pisa\u0107.<\/div>\n                        <\/div>\n                    <\/div>\n\n                <\/div>\n            \n                <div class=\"col-12 col-xl-6 pt-5\">\n\n                    <div class=\"row mx-auto\">\n\n                        <div class=\"col-12 col-md-3\">\n                            <div class=\"ccc-user pt-1\">\n\n                                    <div class=\"ccc-user-item\"><img loading=\"lazy\" decoding=\"async\" src=\"https:\/\/blog.ccc.eu\/pl\/wp-content\/uploads\/2022\/03\/20220302_163759-768x768.jpg\" width=\"320\" height=\"320\" srcset=\"https:\/\/blog.ccc.eu\/pl\/wp-content\/uploads\/2022\/03\/20220302_163759-768x768.jpg 2x\" alt=\"Magdalena Siwek\" class=\"avatar avatar-320 wp-user-avatar wp-user-avatar-320 alignnone photo\" \/><\/div>                            <\/div>\n                        <\/div>\n                        <div class=\"col-12 col-md-9\">\n                            <p class=\"pt-3 pt-md-0 mb-3 mt-sm-0 mb-lg-3 d-inline-block font-weight-bold small author-name-ccc\"><a href=\"https:\/\/blog.ccc.eu\/pl\/author\/magdalena-siwek\/\">Magdalena Siwek<\/a><\/p>\n                            <div class=\"small\">Wielbicielka ponadczasowej klasyki, a tak\u017ce stylizacji z rockowym pazurem oraz stylu boho. Zapo\u017cyczone od przodk\u00f3w tendencje do zbieractwa znajduj\u0105 u mnie odzwierciedlenie w mi\u0142o\u015bci do second-hand\u00f3w, kt\u00f3re pasjami przemierzam. Nie znam zakl\u0119cia powi\u0119kszaj\u0105cego wn\u0119trze szafy, ale osoby posiadaj\u0105ce t\u0119 tajemn\u0105 wiedz\u0119 serdecznie zapraszam do kontaktu. Najwi\u0119ksze marzenie? By\u015bmy wszyscy pi\u0119knie si\u0119 r\u00f3\u017cnili &#8211; r\u00f3wnie\u017c w modzie.<\/div>\n                        <\/div>\n                    <\/div>\n\n                <\/div>\n                    <\/div>\n    <\/div>\n<\/div>\n","protected":false},"excerpt":{"rendered":"","protected":false},"author":2,"featured_media":0,"parent":0,"menu_order":0,"comment_status":"closed","ping_status":"closed","template":"","meta":{"_acf_changed":false,"footnotes":""},"class_list":["post-7809","page","type-page","status-publish","hentry"],"acf":[],"_links":{"self":[{"href":"https:\/\/blog.ccc.eu\/pl\/wp-json\/wp\/v2\/pages\/7809","targetHints":{"allow":["GET"]}}],"collection":[{"href":"https:\/\/blog.ccc.eu\/pl\/wp-json\/wp\/v2\/pages"}],"about":[{"href":"https:\/\/blog.ccc.eu\/pl\/wp-json\/wp\/v2\/types\/page"}],"author":[{"embeddable":true,"href":"https:\/\/blog.ccc.eu\/pl\/wp-json\/wp\/v2\/users\/2"}],"replies":[{"embeddable":true,"href":"https:\/\/blog.ccc.eu\/pl\/wp-json\/wp\/v2\/comments?post=7809"}],"version-history":[{"count":14,"href":"https:\/\/blog.ccc.eu\/pl\/wp-json\/wp\/v2\/pages\/7809\/revisions"}],"predecessor-version":[{"id":20805,"href":"https:\/\/blog.ccc.eu\/pl\/wp-json\/wp\/v2\/pages\/7809\/revisions\/20805"}],"wp:attachment":[{"href":"https:\/\/blog.ccc.eu\/pl\/wp-json\/wp\/v2\/media?parent=7809"}],"curies":[{"name":"wp","href":"https:\/\/api.w.org\/{rel}","templated":true}]}}