{"id":131,"date":"2021-11-21T17:15:00","date_gmt":"2021-11-21T16:15:00","guid":{"rendered":"https:\/\/blog.ccc.eu\/sk\/?page_id=131"},"modified":"2026-03-06T14:36:46","modified_gmt":"2026-03-06T13:36:46","slug":"home","status":"publish","type":"page","link":"https:\/\/blog.ccc.eu\/sk\/","title":{"rendered":"Home"},"content":{"rendered":"","protected":false},"excerpt":{"rendered":"","protected":false},"author":4,"featured_media":4769,"parent":0,"menu_order":0,"comment_status":"closed","ping_status":"closed","template":"","meta":{"_acf_changed":false,"footnotes":""},"class_list":["post-131","page","type-page","status-publish","has-post-thumbnail","hentry"],"acf":[],"yoast_head":"<!-- This site is optimized with the Yoast SEO plugin v26.9 - https:\/\/yoast.com\/product\/yoast-seo-wordpress\/ -->\n<title>CCC Fashion blog \u2013 va\u0161e miesto pln\u00e9 m\u00f3dnych in\u0161pir\u00e1ci\u00ed<\/title>\n<meta name=\"description\" content=\"CCC Fashion Blog &gt;&gt;&gt; Pre\u010d\u00edtajte si o nov\u00fdch trendoch ako prv\u00e9! In\u0161pirujte sa, dr\u017ete krok s m\u00f3dou a objavte svoj individu\u00e1lny \u0161t\u00fdl. \u2728 2026\" \/>\n<meta name=\"robots\" content=\"index, follow, max-snippet:-1, max-image-preview:large, max-video-preview:-1\" \/>\n<link rel=\"canonical\" href=\"https:\/\/blog.ccc.eu\/sk\/\" \/>\n<meta property=\"og:locale\" content=\"sk_SK\" \/>\n<meta property=\"og:type\" content=\"article\" \/>\n<meta property=\"og:title\" content=\"CCC Fashion blog \u2013 va\u0161e miesto pln\u00e9 m\u00f3dnych in\u0161pir\u00e1ci\u00ed\" \/>\n<meta property=\"og:description\" content=\"CCC Fashion Blog &gt;&gt;&gt; Pre\u010d\u00edtajte si o nov\u00fdch trendoch ako prv\u00e9! In\u0161pirujte sa, dr\u017ete krok s m\u00f3dou a objavte svoj individu\u00e1lny \u0161t\u00fdl. \u2728\" \/>\n<meta property=\"og:url\" content=\"https:\/\/blog.ccc.eu\/sk\/\" \/>\n<meta property=\"og:site_name\" content=\"blog.ccc.eu\/sk\" \/>\n<meta property=\"article:modified_time\" content=\"2026-03-06T13:36:46+00:00\" \/>\n<meta property=\"og:image\" content=\"https:\/\/blog.ccc.eu\/sk\/wp-content\/uploads\/2021\/12\/cccblog-logo-1.jpg\" \/>\n\t<meta property=\"og:image:width\" content=\"277\" \/>\n\t<meta property=\"og:image:height\" content=\"200\" \/>\n\t<meta property=\"og:image:type\" content=\"image\/jpeg\" \/>\n<meta name=\"twitter:card\" content=\"summary_large_image\" \/>\n<meta name=\"twitter:image\" content=\"https:\/\/blog.ccc.eu\/sk\/wp-content\/uploads\/2021\/12\/cccblog-logo-1.jpg\" \/>\n<meta name=\"twitter:label1\" content=\"Predpokladan\u00fd \u010das \u010d\u00edtania\" \/>\n\t<meta name=\"twitter:data1\" content=\"1 min\u00fata\" \/>\n<script type=\"application\/ld+json\" class=\"yoast-schema-graph\">{\"@context\":\"https:\/\/schema.org\",\"@graph\":[{\"@type\":\"WebPage\",\"@id\":\"https:\/\/blog.ccc.eu\/sk\/\",\"url\":\"https:\/\/blog.ccc.eu\/sk\/\",\"name\":\"CCC Fashion blog \u2013 va\u0161e miesto pln\u00e9 m\u00f3dnych in\u0161pir\u00e1ci\u00ed\",\"isPartOf\":{\"@id\":\"https:\/\/blog.ccc.eu\/sk\/#website\"},\"primaryImageOfPage\":{\"@id\":\"https:\/\/blog.ccc.eu\/sk\/#primaryimage\"},\"image\":{\"@id\":\"https:\/\/blog.ccc.eu\/sk\/#primaryimage\"},\"thumbnailUrl\":\"https:\/\/blog.ccc.eu\/sk\/wp-content\/uploads\/2022\/01\/cropped-favicon-512x512-1.jpg\",\"datePublished\":\"2021-11-21T16:15:00+00:00\",\"dateModified\":\"2026-03-06T13:36:46+00:00\",\"description\":\"CCC Fashion Blog >>> Pre\u010d\u00edtajte si o nov\u00fdch trendoch ako prv\u00e9! In\u0161pirujte sa, dr\u017ete krok s m\u00f3dou a objavte svoj individu\u00e1lny \u0161t\u00fdl. \u2728\",\"breadcrumb\":{\"@id\":\"https:\/\/blog.ccc.eu\/sk\/#breadcrumb\"},\"inLanguage\":\"sk-SK\",\"potentialAction\":[{\"@type\":\"ReadAction\",\"target\":[\"https:\/\/blog.ccc.eu\/sk\/\"]}]},{\"@type\":\"ImageObject\",\"inLanguage\":\"sk-SK\",\"@id\":\"https:\/\/blog.ccc.eu\/sk\/#primaryimage\",\"url\":\"https:\/\/blog.ccc.eu\/sk\/wp-content\/uploads\/2022\/01\/cropped-favicon-512x512-1.jpg\",\"contentUrl\":\"https:\/\/blog.ccc.eu\/sk\/wp-content\/uploads\/2022\/01\/cropped-favicon-512x512-1.jpg\",\"width\":512,\"height\":512,\"caption\":\"ccc blog\"},{\"@type\":\"BreadcrumbList\",\"@id\":\"https:\/\/blog.ccc.eu\/sk\/#breadcrumb\",\"itemListElement\":[{\"@type\":\"ListItem\",\"position\":1,\"name\":\"Strona g\u0142\u00f3wna\",\"item\":\"https:\/\/blog.ccc.eu\/sk\/\"},{\"@type\":\"ListItem\",\"position\":2,\"name\":\"Home\"}]},{\"@type\":\"WebSite\",\"@id\":\"https:\/\/blog.ccc.eu\/sk\/#website\",\"url\":\"https:\/\/blog.ccc.eu\/sk\/\",\"name\":\"blog.ccc.eu\/sk\",\"description\":\"Va\u0161e miesto pln\u00e9 m\u00f3dnych in\u0161pir\u00e1ci\u00ed\",\"publisher\":{\"@id\":\"https:\/\/blog.ccc.eu\/sk\/#organization\"},\"potentialAction\":[{\"@type\":\"SearchAction\",\"target\":{\"@type\":\"EntryPoint\",\"urlTemplate\":\"https:\/\/blog.ccc.eu\/sk\/?s={search_term_string}\"},\"query-input\":{\"@type\":\"PropertyValueSpecification\",\"valueRequired\":true,\"valueName\":\"search_term_string\"}}],\"inLanguage\":\"sk-SK\"},{\"@type\":\"Organization\",\"@id\":\"https:\/\/blog.ccc.eu\/sk\/#organization\",\"name\":\"CCC S.A.\",\"url\":\"https:\/\/blog.ccc.eu\/sk\/\",\"logo\":{\"@type\":\"ImageObject\",\"inLanguage\":\"sk-SK\",\"@id\":\"https:\/\/blog.ccc.eu\/sk\/#\/schema\/logo\/image\/\",\"url\":\"https:\/\/blog.ccc.eu\/sk\/wp-content\/uploads\/2021\/11\/logo_ccc.png\",\"contentUrl\":\"https:\/\/blog.ccc.eu\/sk\/wp-content\/uploads\/2021\/11\/logo_ccc.png\",\"width\":730,\"height\":270,\"caption\":\"CCC S.A.\"},\"image\":{\"@id\":\"https:\/\/blog.ccc.eu\/sk\/#\/schema\/logo\/image\/\"}}]}<\/script>\n<!-- \/ Yoast SEO plugin. -->","yoast_head_json":{"title":"CCC Fashion blog \u2013 va\u0161e miesto pln\u00e9 m\u00f3dnych in\u0161pir\u00e1ci\u00ed","description":"CCC Fashion Blog >>> Pre\u010d\u00edtajte si o nov\u00fdch trendoch ako prv\u00e9! In\u0161pirujte sa, dr\u017ete krok s m\u00f3dou a objavte svoj individu\u00e1lny \u0161t\u00fdl. \u2728 2026","robots":{"index":"index","follow":"follow","max-snippet":"max-snippet:-1","max-image-preview":"max-image-preview:large","max-video-preview":"max-video-preview:-1"},"canonical":"https:\/\/blog.ccc.eu\/sk\/","og_locale":"sk_SK","og_type":"article","og_title":"CCC Fashion blog \u2013 va\u0161e miesto pln\u00e9 m\u00f3dnych in\u0161pir\u00e1ci\u00ed","og_description":"CCC Fashion Blog >>> Pre\u010d\u00edtajte si o nov\u00fdch trendoch ako prv\u00e9! In\u0161pirujte sa, dr\u017ete krok s m\u00f3dou a objavte svoj individu\u00e1lny \u0161t\u00fdl. \u2728","og_url":"https:\/\/blog.ccc.eu\/sk\/","og_site_name":"blog.ccc.eu\/sk","article_modified_time":"2026-03-06T13:36:46+00:00","og_image":[{"width":277,"height":200,"url":"https:\/\/blog.ccc.eu\/sk\/wp-content\/uploads\/2021\/12\/cccblog-logo-1.jpg","type":"image\/jpeg"}],"twitter_card":"summary_large_image","twitter_image":"https:\/\/blog.ccc.eu\/sk\/wp-content\/uploads\/2021\/12\/cccblog-logo-1.jpg","twitter_misc":{"Predpokladan\u00fd \u010das \u010d\u00edtania":"1 min\u00fata"},"schema":{"@context":"https:\/\/schema.org","@graph":[{"@type":"WebPage","@id":"https:\/\/blog.ccc.eu\/sk\/","url":"https:\/\/blog.ccc.eu\/sk\/","name":"CCC Fashion blog \u2013 va\u0161e miesto pln\u00e9 m\u00f3dnych in\u0161pir\u00e1ci\u00ed","isPartOf":{"@id":"https:\/\/blog.ccc.eu\/sk\/#website"},"primaryImageOfPage":{"@id":"https:\/\/blog.ccc.eu\/sk\/#primaryimage"},"image":{"@id":"https:\/\/blog.ccc.eu\/sk\/#primaryimage"},"thumbnailUrl":"https:\/\/blog.ccc.eu\/sk\/wp-content\/uploads\/2022\/01\/cropped-favicon-512x512-1.jpg","datePublished":"2021-11-21T16:15:00+00:00","dateModified":"2026-03-06T13:36:46+00:00","description":"CCC Fashion Blog >>> Pre\u010d\u00edtajte si o nov\u00fdch trendoch ako prv\u00e9! In\u0161pirujte sa, dr\u017ete krok s m\u00f3dou a objavte svoj individu\u00e1lny \u0161t\u00fdl. \u2728","breadcrumb":{"@id":"https:\/\/blog.ccc.eu\/sk\/#breadcrumb"},"inLanguage":"sk-SK","potentialAction":[{"@type":"ReadAction","target":["https:\/\/blog.ccc.eu\/sk\/"]}]},{"@type":"ImageObject","inLanguage":"sk-SK","@id":"https:\/\/blog.ccc.eu\/sk\/#primaryimage","url":"https:\/\/blog.ccc.eu\/sk\/wp-content\/uploads\/2022\/01\/cropped-favicon-512x512-1.jpg","contentUrl":"https:\/\/blog.ccc.eu\/sk\/wp-content\/uploads\/2022\/01\/cropped-favicon-512x512-1.jpg","width":512,"height":512,"caption":"ccc blog"},{"@type":"BreadcrumbList","@id":"https:\/\/blog.ccc.eu\/sk\/#breadcrumb","itemListElement":[{"@type":"ListItem","position":1,"name":"Strona g\u0142\u00f3wna","item":"https:\/\/blog.ccc.eu\/sk\/"},{"@type":"ListItem","position":2,"name":"Home"}]},{"@type":"WebSite","@id":"https:\/\/blog.ccc.eu\/sk\/#website","url":"https:\/\/blog.ccc.eu\/sk\/","name":"blog.ccc.eu\/sk","description":"Va\u0161e miesto pln\u00e9 m\u00f3dnych in\u0161pir\u00e1ci\u00ed","publisher":{"@id":"https:\/\/blog.ccc.eu\/sk\/#organization"},"potentialAction":[{"@type":"SearchAction","target":{"@type":"EntryPoint","urlTemplate":"https:\/\/blog.ccc.eu\/sk\/?s={search_term_string}"},"query-input":{"@type":"PropertyValueSpecification","valueRequired":true,"valueName":"search_term_string"}}],"inLanguage":"sk-SK"},{"@type":"Organization","@id":"https:\/\/blog.ccc.eu\/sk\/#organization","name":"CCC S.A.","url":"https:\/\/blog.ccc.eu\/sk\/","logo":{"@type":"ImageObject","inLanguage":"sk-SK","@id":"https:\/\/blog.ccc.eu\/sk\/#\/schema\/logo\/image\/","url":"https:\/\/blog.ccc.eu\/sk\/wp-content\/uploads\/2021\/11\/logo_ccc.png","contentUrl":"https:\/\/blog.ccc.eu\/sk\/wp-content\/uploads\/2021\/11\/logo_ccc.png","width":730,"height":270,"caption":"CCC S.A."},"image":{"@id":"https:\/\/blog.ccc.eu\/sk\/#\/schema\/logo\/image\/"}}]}},"_links":{"self":[{"href":"https:\/\/blog.ccc.eu\/sk\/wp-json\/wp\/v2\/pages\/131","targetHints":{"allow":["GET"]}}],"collection":[{"href":"https:\/\/blog.ccc.eu\/sk\/wp-json\/wp\/v2\/pages"}],"about":[{"href":"https:\/\/blog.ccc.eu\/sk\/wp-json\/wp\/v2\/types\/page"}],"author":[{"embeddable":true,"href":"https:\/\/blog.ccc.eu\/sk\/wp-json\/wp\/v2\/users\/4"}],"replies":[{"embeddable":true,"href":"https:\/\/blog.ccc.eu\/sk\/wp-json\/wp\/v2\/comments?post=131"}],"version-history":[{"count":541,"href":"https:\/\/blog.ccc.eu\/sk\/wp-json\/wp\/v2\/pages\/131\/revisions"}],"predecessor-version":[{"id":9942,"href":"https:\/\/blog.ccc.eu\/sk\/wp-json\/wp\/v2\/pages\/131\/revisions\/9942"}],"wp:featuredmedia":[{"embeddable":true,"href":"https:\/\/blog.ccc.eu\/sk\/wp-json\/wp\/v2\/media\/4769"}],"wp:attachment":[{"href":"https:\/\/blog.ccc.eu\/sk\/wp-json\/wp\/v2\/media?parent=131"}],"curies":[{"name":"wp","href":"https:\/\/api.w.org\/{rel}","templated":true}]}}